{"id":62,"date":"2016-09-01T18:34:14","date_gmt":"2016-09-01T18:34:14","guid":{"rendered":"http:\/\/hutchingsbanjos.com\/?page_id=62"},"modified":"2022-08-01T06:56:46","modified_gmt":"2022-08-01T06:56:46","slug":"faq","status":"publish","type":"page","link":"https:\/\/hutchingsbanjos.com\/fr\/faq\/","title":{"rendered":"FAQ"},"content":{"rendered":"<p><strong>Ce qui diff\u00e9rencie un banjo Hutchings ?<\/strong><\/p>\n\n\n\n<p><em>The most important part of the banjo is the rim \u2013 you can have&nbsp;the most expensive tonering available but fitted to a poor rim the banjo will still be average at best.<\/em><\/p>\n\n\n\n<p><em>I build all my block rims myself, from solid walnut and take great care to make sure they are perfect \u2013 the results show in the improved tone and power of my banjos.<\/em><\/p>\n\n\n\n<p><em>I\u2019ve tried different combinations and I think european walnut is the best tonewood for a banjo rim. &nbsp;It delivers the brilliance of maple but with more of the other frequencies too resulting in a more \u201ccomplete\u201d tone. &nbsp;<\/em><\/p>\n\n\n\n<p><em>Compared to the more usual method of constriction (3 Ply) there is more wood and less glue in a block rim. &nbsp;This is effect even more pronounced on a 1\/2\u2033 thick rim. &nbsp; Less glue&nbsp;\u2013 more tone !<\/em><\/p>\n\n\n\n<p><em>The metal parts I use are the best quality items from the USA, Czech Republic and Japan \u2013 I won\u2019t&nbsp;compromise my own work by fitting cheaper hardware !<\/em><\/p>\n\n\n\n<p><strong>Banjos standard<\/strong><\/p>\n\n\n\n<p><em>My range of standard banjos are great sounding and playing instruments all built around my block rim. &nbsp;They are simply decorated (but beautifully finished) so this keeps the cost down. &nbsp;<\/em><\/p>\n\n\n\n<p><strong>Banjos personnalis\u00e9s<\/strong><\/p>\n\n\n\n<p><em>Anything is possible, from upgraged hardware, inlays and finishes to Masterclones, multi string specials , electric banjos etc\u2026 &nbsp;Just contact me to discuss your project<\/em><\/p>\n\n\n\n<p><strong>Banjos  gaucher ?<\/strong><\/p>\n\n\n\n<p><em>Pas de probl\u00e8me, les banjos gaucher sont construit sur commande, aucun frais suppl\u00e9mentaires<\/em><\/p>\n\n\n\n<p><strong>Setups, Repairs, Restorations, Conversions etc\u2026&nbsp;<\/strong><\/p>\n\n\n\n<p><em>All possible&nbsp;\u2013 just ask !<\/em><\/p>\n\n\n\n<p><strong>Banjo irlandais avec frettes en \u00e9ventail (multi diapason)<\/strong><\/p>\n\n\n\n<p>Imbalanced string tension is a common problem with Irish tuned banjos and is caused by the combination of low tuning (GDAE) and short scale length \u2013 particularly on the 17 fret banjo.<\/p>\n\n\n\n<p>Les banjos 19 cases ont un diapason plus long qui permet une meilleur tension, mais l\u2019espacement des cases rends le doigt\u00e9 de certains morceaux violon\/mandoline.<\/p>\n\n\n\n<p>Le banjo irlandais avec frettes en \u00e9ventail est aussi facile \u00e0 jouer qu'un 17 cases standard, mais il a aussi les avantages suivants gr\u00e2ce \u00e0 la tension optimis\u00e9e...\nEspacement \u00e9troit sur l\nes cordes des m\u00e9lodies\nTonalit\u00e9 \u00e9quilibr\u00e9e sur le manche, Le Low G devient utile!\nLe justesse est am\u00e9lior\u00e9e tout le long de la touche, les accords r\u00e9sonnent mieux<\/p>\n\n\n\n<p>An irish banjo with fan frets is as easy to play as a regular 17 fret banjo but has the following advantages due to the optimised string tension\u2026<\/p>\n\n\n\n<p>Espacement \u00e9troit sur les cordes des m\u00e9lodies<\/p>\n\n\n\n<p>Balance of tone across the fretboard. The low G is now useful<\/p>\n\n\n\n<p>Intonation is improved along the length of the fretboard. Chords now ring out<\/p>\n\n\n\n<p><strong>Besoin de plus ?<\/strong><\/p>\n\n\n\n<p><em>Hutchings Banjos est bas\u00e9 chez Justecordes en centre Bretagne. Vous pouvez visitez nous sur rendez-vous, utilisez le formulaire pour me contacter ou de me retrouver sur Facebook&nbsp;<a href=\"http:\/\/www.justecordes.fr\/catalogue\/\">Justecordes<\/a>&nbsp;in Central Brittany. You can vist us by appointment, use the form to&nbsp;<a href=\"https:\/\/www.justecordes.fr\/en\/contact-us\">Contactez moi&nbsp;<\/a>ou retrouvez moi sur&nbsp;<a href=\"https:\/\/www.facebook.com\/profile.php?id=100006274065951\">Facebook<\/a><\/em><\/p>\n\n\n\n<p><a target=\"_blank\" href=\"http:\/\/www.tumblr.com\/share\/link?url=http%3A%2F%2Fhutchingsbanjos.com%2Ffaq%2F&amp;name=FAQ&amp;description=Custom+Orders+The+current+waiting+time+for+a+custom+banjo+is+2+years%2C+however+the+waiting+list+is+closed+until+August+2022.%26nbsp%3B+Email+me+to+be+updated+on+this+or+to+discuss+a+potential+project.+I+will+also+build+a+small+number+of+Standard+models+during+this+time+which+will+be+available+for+sale+at%26hellip%3B\" rel=\"noreferrer noopener\"><\/a><a target=\"_blank\" href=\"https:\/\/plus.google.com\/share?url=http%3A%2F%2Fhutchingsbanjos.com%2Ffaq%2F\" rel=\"noreferrer noopener\"><\/a><a target=\"_blank\" href=\"http:\/\/reddit.com\/submit?url=http%3A%2F%2Fhutchingsbanjos.com%2Ffaq%2F&amp;title=FAQ\" rel=\"noreferrer noopener\"><\/a><a target=\"_blank\" href=\"http:\/\/www.facebook.com\/sharer.php?u=http%3A%2F%2Fhutchingsbanjos.com%2Ffaq%2F\" rel=\"noreferrer noopener\"><\/a><a target=\"_blank\" href=\"http:\/\/www.stumbleupon.com\/submit?url=http%3A%2F%2Fhutchingsbanjos.com%2Ffaq%2F&amp;title=FAQ\" rel=\"noreferrer noopener\"><\/a><a target=\"_blank\" href=\"https:\/\/twitter.com\/share?url=http%3A%2F%2Fhutchingsbanjos.com%2Ffaq%2F&amp;text=FAQ\" rel=\"noreferrer noopener\"><\/a><a target=\"_blank\" href=\"https:\/\/web.whatsapp.com\/send?text=http%3A%2F%2Fhutchingsbanjos.com%2Ffaq%2F\" rel=\"noreferrer noopener\"><\/a><a target=\"_blank\" href=\"http:\/\/pinterest.com\/pin\/create\/link\/?url=http%3A%2F%2Fhutchingsbanjos.com%2Ffaq%2F&amp;description=FAQ&amp;media=http%3A%2F%2F0.gravatar.com%2Favatar%2F96db8a3416b719dc999503bc7da86bcd%3Fs%3D26%26d%3Dmm%26r%3Dg\" rel=\"noreferrer noopener\"><\/a><a href=\"http:\/\/hutchingsbanjos.com\/fr\/faq\/?preview_id=62&amp;preview_nonce=5dbeeba173&amp;preview=true\">Back to Top<\/a><\/p>\n<div data-animation=\"no-animation\" data-icons-animation=\"no-animation\" data-overlay=\"\" data-change-size=\"\" data-button-size=\"1\" style=\"font-size:1em!important;display:none;\" class=\"supsystic-social-sharing supsystic-social-sharing-package-flat supsystic-social-sharing-content supsystic-social-sharing-content-align-left\" data-text=\"\"><a data-networks=\"[]\" class=\"social-sharing-button sharer-flat sharer-flat-1 counter-standard without-counter tumblr\" target=\"_blank\" title=\"Tumblr\" href=\"http:\/\/www.tumblr.com\/share\/link?url=https%3A%2F%2Fhutchingsbanjos.com%2Ffr%2Ffaq%2F&name=FAQ&description=What+makes+a+Hutchings%C2%A0banjo%C2%A0different+%3F+The+most+important+part+of+the+banjo+is+the+rim+%E2%80%93+you+can+have%26nbsp%3Bthe+most+expensive+tonering+available+but+fitted+to+a+poor+rim+the+banjo+will+still+be+average+at+best.+I+build+all+my+block+rims+myself%2C+from+solid+walnut+and+take+great+care+to+make+sure+they%E2%80%A6\" data-main-href=\"http:\/\/www.tumblr.com\/share\/link?url={url}&name={title}&description={description}\" data-nid=\"19\" data-name=\"\" data-pid=\"1\" data-post-id=\"62\" data-url=\"https:\/\/hutchingsbanjos.com\/wp-admin\/admin-ajax.php\" rel=\"nofollow\" data-mailto=\"\"><i class=\"fa-ssbs fa-ssbs-fw fa-ssbs-tumblr\"><\/i><div class=\"counter-wrap standard\"><span class=\"counter\">2<\/span><\/div><\/a><a data-networks=\"[]\" class=\"social-sharing-button sharer-flat sharer-flat-1 counter-standard without-counter googleplus\" target=\"_blank\" title=\"Google+\" href=\"https:\/\/plus.google.com\/share?url=https%3A%2F%2Fhutchingsbanjos.com%2Ffr%2Ffaq%2F\" data-main-href=\"https:\/\/plus.google.com\/share?url={url}\" data-nid=\"3\" data-name=\"\" data-pid=\"1\" data-post-id=\"62\" data-url=\"https:\/\/hutchingsbanjos.com\/wp-admin\/admin-ajax.php\" rel=\"nofollow\" data-mailto=\"\"><i class=\"fa-ssbs fa-ssbs-fw fa-ssbs-google-plus\"><\/i><div class=\"counter-wrap standard\"><span class=\"counter\">2<\/span><\/div><\/a><a data-networks=\"[]\" class=\"social-sharing-button sharer-flat sharer-flat-1 counter-standard without-counter reddit\" target=\"_blank\" title=\"Reddit\" href=\"http:\/\/reddit.com\/submit?url=https%3A%2F%2Fhutchingsbanjos.com%2Ffr%2Ffaq%2F&title=FAQ\" data-main-href=\"http:\/\/reddit.com\/submit?url={url}&title={title}\" data-nid=\"6\" data-name=\"\" data-pid=\"1\" data-post-id=\"62\" data-url=\"https:\/\/hutchingsbanjos.com\/wp-admin\/admin-ajax.php\" rel=\"nofollow\" data-mailto=\"\"><i class=\"fa-ssbs fa-ssbs-fw fa-ssbs-reddit\"><\/i><div class=\"counter-wrap standard\"><span class=\"counter\">1<\/span><\/div><\/a><a data-networks=\"[]\" class=\"social-sharing-button sharer-flat sharer-flat-1 counter-standard without-counter facebook\" target=\"_blank\" title=\"Facebook\" href=\"http:\/\/www.facebook.com\/sharer.php?u=https%3A%2F%2Fhutchingsbanjos.com%2Ffr%2Ffaq%2F\" data-main-href=\"http:\/\/www.facebook.com\/sharer.php?u={url}\" data-nid=\"1\" data-name=\"\" data-pid=\"1\" data-post-id=\"62\" data-url=\"https:\/\/hutchingsbanjos.com\/wp-admin\/admin-ajax.php\" rel=\"nofollow\" data-mailto=\"\"><i class=\"fa-ssbs fa-ssbs-fw fa-ssbs-facebook\"><\/i><div class=\"counter-wrap standard\"><span class=\"counter\">8<\/span><\/div><\/a><a data-networks=\"[]\" class=\"social-sharing-button sharer-flat sharer-flat-1 counter-standard without-counter stumbleupon\" target=\"_blank\" title=\"StumbleUpon\" href=\"http:\/\/www.stumbleupon.com\/submit?url=https%3A%2F%2Fhutchingsbanjos.com%2Ffr%2Ffaq%2F&title=FAQ\" data-main-href=\"http:\/\/www.stumbleupon.com\/submit?url={url}&title={title}\" data-nid=\"9\" data-name=\"\" data-pid=\"1\" data-post-id=\"62\" data-url=\"https:\/\/hutchingsbanjos.com\/wp-admin\/admin-ajax.php\" rel=\"nofollow\" data-mailto=\"\"><i class=\"fa-ssbs fa-ssbs-fw fa-ssbs-stumbleupon\"><\/i><div class=\"counter-wrap standard\"><span class=\"counter\">0<\/span><\/div><\/a><a data-networks=\"[]\" class=\"social-sharing-button sharer-flat sharer-flat-1 counter-standard without-counter twitter\" target=\"_blank\" title=\"Twitter\" href=\"https:\/\/twitter.com\/share?url=https%3A%2F%2Fhutchingsbanjos.com%2Ffr%2Ffaq%2F&text=FAQ\" data-main-href=\"https:\/\/twitter.com\/share?url={url}&text={title}\" data-nid=\"2\" data-name=\"\" data-pid=\"1\" data-post-id=\"62\" data-url=\"https:\/\/hutchingsbanjos.com\/wp-admin\/admin-ajax.php\" rel=\"nofollow\" data-mailto=\"\"><i class=\"fa-ssbs fa-ssbs-fw fa-ssbs-twitter\"><\/i><div class=\"counter-wrap standard\"><span class=\"counter\">1<\/span><\/div><\/a><a data-networks=\"[]\" class=\"social-sharing-button sharer-flat sharer-flat-1 counter-standard without-counter whatsapp\" target=\"_blank\" title=\"WhatsApp\" href=\"https:\/\/web.whatsapp.com\/send?text=https%3A%2F%2Fhutchingsbanjos.com%2Ffr%2Ffaq%2F\" data-main-href=\"https:\/\/web.whatsapp.com\/send?text={url}\" data-nid=\"18\" data-name=\"\" data-pid=\"1\" data-post-id=\"62\" data-url=\"https:\/\/hutchingsbanjos.com\/wp-admin\/admin-ajax.php\" rel=\"nofollow\" data-mailto=\"\"><i class=\"fa-ssbs fa-ssbs-fw fa-ssbs-whatsapp\"><\/i><div class=\"counter-wrap standard\"><span class=\"counter\">1<\/span><\/div><\/a><a data-networks=\"[]\" class=\"social-sharing-button sharer-flat sharer-flat-1 counter-standard without-counter pinterest\" target=\"_blank\" title=\"Pinterest\" href=\"http:\/\/pinterest.com\/pin\/create\/link\/?url=https%3A%2F%2Fhutchingsbanjos.com%2Ffr%2Ffaq%2F&description=FAQ\" data-main-href=\"http:\/\/pinterest.com\/pin\/create\/link\/?url={url}&description={title}\" data-nid=\"7\" data-name=\"\" data-pid=\"1\" data-post-id=\"62\" data-url=\"https:\/\/hutchingsbanjos.com\/wp-admin\/admin-ajax.php\" rel=\"nofollow\" data-mailto=\"\"><i class=\"fa-ssbs fa-ssbs-fw fa-ssbs-pinterest\"><\/i><div class=\"counter-wrap standard\"><span class=\"counter\">0<\/span><\/div><\/a><\/div>","protected":false},"excerpt":{"rendered":"<p>What makes a Hutchings\u00a0banjo\u00a0different ? The most important part of the banjo is the rim \u2013 you can have&nbsp;the most expensive tonering available but fitted to a poor rim the banjo will still be average at best. I build all my block rims myself, from solid walnut and take great care to make sure they [&hellip;]<\/p>\n<div data-animation=\"no-animation\" data-icons-animation=\"no-animation\" data-overlay=\"\" data-change-size=\"\" data-button-size=\"1\" style=\"font-size:1em!important;display:none;\" class=\"supsystic-social-sharing supsystic-social-sharing-package-flat supsystic-social-sharing-content supsystic-social-sharing-content-align-left\" data-text=\"\"><a data-networks=\"[]\" class=\"social-sharing-button sharer-flat sharer-flat-1 counter-standard without-counter tumblr\" target=\"_blank\" title=\"Tumblr\" href=\"http:\/\/www.tumblr.com\/share\/link?url=https%3A%2F%2Fhutchingsbanjos.com%2Ffr%2Ffaq%2F&name=FAQ&description=What+makes+a+Hutchings%C2%A0banjo%C2%A0different+%3F+The+most+important+part+of+the+banjo+is+the+rim+%E2%80%93+you+can+have%26nbsp%3Bthe+most+expensive+tonering+available+but+fitted+to+a+poor+rim+the+banjo+will+still+be+average+at+best.+I+build+all+my+block+rims+myself%2C+from+solid+walnut+and+take+great+care+to+make+sure+they%E2%80%A6\" data-main-href=\"http:\/\/www.tumblr.com\/share\/link?url={url}&name={title}&description={description}\" data-nid=\"19\" data-name=\"\" data-pid=\"1\" data-post-id=\"62\" data-url=\"https:\/\/hutchingsbanjos.com\/wp-admin\/admin-ajax.php\" rel=\"nofollow\" data-mailto=\"\"><i class=\"fa-ssbs fa-ssbs-fw fa-ssbs-tumblr\"><\/i><div class=\"counter-wrap standard\"><span class=\"counter\">2<\/span><\/div><\/a><a data-networks=\"[]\" class=\"social-sharing-button sharer-flat sharer-flat-1 counter-standard without-counter googleplus\" target=\"_blank\" title=\"Google+\" href=\"https:\/\/plus.google.com\/share?url=https%3A%2F%2Fhutchingsbanjos.com%2Ffr%2Ffaq%2F\" data-main-href=\"https:\/\/plus.google.com\/share?url={url}\" data-nid=\"3\" data-name=\"\" data-pid=\"1\" data-post-id=\"62\" data-url=\"https:\/\/hutchingsbanjos.com\/wp-admin\/admin-ajax.php\" rel=\"nofollow\" data-mailto=\"\"><i class=\"fa-ssbs fa-ssbs-fw fa-ssbs-google-plus\"><\/i><div class=\"counter-wrap standard\"><span class=\"counter\">2<\/span><\/div><\/a><a data-networks=\"[]\" class=\"social-sharing-button sharer-flat sharer-flat-1 counter-standard without-counter reddit\" target=\"_blank\" title=\"Reddit\" href=\"http:\/\/reddit.com\/submit?url=https%3A%2F%2Fhutchingsbanjos.com%2Ffr%2Ffaq%2F&title=FAQ\" data-main-href=\"http:\/\/reddit.com\/submit?url={url}&title={title}\" data-nid=\"6\" data-name=\"\" data-pid=\"1\" data-post-id=\"62\" data-url=\"https:\/\/hutchingsbanjos.com\/wp-admin\/admin-ajax.php\" rel=\"nofollow\" data-mailto=\"\"><i class=\"fa-ssbs fa-ssbs-fw fa-ssbs-reddit\"><\/i><div class=\"counter-wrap standard\"><span class=\"counter\">1<\/span><\/div><\/a><a data-networks=\"[]\" class=\"social-sharing-button sharer-flat sharer-flat-1 counter-standard without-counter facebook\" target=\"_blank\" title=\"Facebook\" href=\"http:\/\/www.facebook.com\/sharer.php?u=https%3A%2F%2Fhutchingsbanjos.com%2Ffr%2Ffaq%2F\" data-main-href=\"http:\/\/www.facebook.com\/sharer.php?u={url}\" data-nid=\"1\" data-name=\"\" data-pid=\"1\" data-post-id=\"62\" data-url=\"https:\/\/hutchingsbanjos.com\/wp-admin\/admin-ajax.php\" rel=\"nofollow\" data-mailto=\"\"><i class=\"fa-ssbs fa-ssbs-fw fa-ssbs-facebook\"><\/i><div class=\"counter-wrap standard\"><span class=\"counter\">8<\/span><\/div><\/a><a data-networks=\"[]\" class=\"social-sharing-button sharer-flat sharer-flat-1 counter-standard without-counter stumbleupon\" target=\"_blank\" title=\"StumbleUpon\" href=\"http:\/\/www.stumbleupon.com\/submit?url=https%3A%2F%2Fhutchingsbanjos.com%2Ffr%2Ffaq%2F&title=FAQ\" data-main-href=\"http:\/\/www.stumbleupon.com\/submit?url={url}&title={title}\" data-nid=\"9\" data-name=\"\" data-pid=\"1\" data-post-id=\"62\" data-url=\"https:\/\/hutchingsbanjos.com\/wp-admin\/admin-ajax.php\" rel=\"nofollow\" data-mailto=\"\"><i class=\"fa-ssbs fa-ssbs-fw fa-ssbs-stumbleupon\"><\/i><div class=\"counter-wrap standard\"><span class=\"counter\">0<\/span><\/div><\/a><a data-networks=\"[]\" class=\"social-sharing-button sharer-flat sharer-flat-1 counter-standard without-counter twitter\" target=\"_blank\" title=\"Twitter\" href=\"https:\/\/twitter.com\/share?url=https%3A%2F%2Fhutchingsbanjos.com%2Ffr%2Ffaq%2F&text=FAQ\" data-main-href=\"https:\/\/twitter.com\/share?url={url}&text={title}\" data-nid=\"2\" data-name=\"\" data-pid=\"1\" data-post-id=\"62\" data-url=\"https:\/\/hutchingsbanjos.com\/wp-admin\/admin-ajax.php\" rel=\"nofollow\" data-mailto=\"\"><i class=\"fa-ssbs fa-ssbs-fw fa-ssbs-twitter\"><\/i><div class=\"counter-wrap standard\"><span class=\"counter\">1<\/span><\/div><\/a><a data-networks=\"[]\" class=\"social-sharing-button sharer-flat sharer-flat-1 counter-standard without-counter whatsapp\" target=\"_blank\" title=\"WhatsApp\" href=\"https:\/\/web.whatsapp.com\/send?text=https%3A%2F%2Fhutchingsbanjos.com%2Ffr%2Ffaq%2F\" data-main-href=\"https:\/\/web.whatsapp.com\/send?text={url}\" data-nid=\"18\" data-name=\"\" data-pid=\"1\" data-post-id=\"62\" data-url=\"https:\/\/hutchingsbanjos.com\/wp-admin\/admin-ajax.php\" rel=\"nofollow\" data-mailto=\"\"><i class=\"fa-ssbs fa-ssbs-fw fa-ssbs-whatsapp\"><\/i><div class=\"counter-wrap standard\"><span class=\"counter\">1<\/span><\/div><\/a><a data-networks=\"[]\" class=\"social-sharing-button sharer-flat sharer-flat-1 counter-standard without-counter pinterest\" target=\"_blank\" title=\"Pinterest\" href=\"http:\/\/pinterest.com\/pin\/create\/link\/?url=https%3A%2F%2Fhutchingsbanjos.com%2Ffr%2Ffaq%2F&description=FAQ\" data-main-href=\"http:\/\/pinterest.com\/pin\/create\/link\/?url={url}&description={title}\" data-nid=\"7\" data-name=\"\" data-pid=\"1\" data-post-id=\"62\" data-url=\"https:\/\/hutchingsbanjos.com\/wp-admin\/admin-ajax.php\" rel=\"nofollow\" data-mailto=\"\"><i class=\"fa-ssbs fa-ssbs-fw fa-ssbs-pinterest\"><\/i><div class=\"counter-wrap standard\"><span class=\"counter\">0<\/span><\/div><\/a><\/div>","protected":false},"author":1,"featured_media":0,"parent":0,"menu_order":0,"comment_status":"closed","ping_status":"closed","template":"","meta":{"_vp_format_video_url":"","_vp_image_focal_point":[],"footnotes":""},"class_list":["post-62","page","type-page","status-publish","hentry"],"yoast_head":"<!-- This site is optimized with the Yoast SEO plugin v27.5 - https:\/\/yoast.com\/product\/yoast-seo-wordpress\/ -->\n<title>FAQ - Hutchings Banjos<\/title>\n<meta name=\"robots\" content=\"index, follow, max-snippet:-1, max-image-preview:large, max-video-preview:-1\" \/>\n<link rel=\"canonical\" href=\"https:\/\/hutchingsbanjos.com\/fr\/faq\/\" \/>\n<meta property=\"og:locale\" content=\"fr_FR\" \/>\n<meta property=\"og:type\" content=\"article\" \/>\n<meta property=\"og:title\" content=\"FAQ - Hutchings Banjos\" \/>\n<meta property=\"og:description\" content=\"What makes a Hutchings\u00a0banjo\u00a0different ? The most important part of the banjo is the rim \u2013 you can have&nbsp;the most expensive tonering available but fitted to a poor rim the banjo will still be average at best. I build all my block rims myself, from solid walnut and take great care to make sure they [&hellip;]\" \/>\n<meta property=\"og:url\" content=\"https:\/\/hutchingsbanjos.com\/fr\/faq\/\" \/>\n<meta property=\"og:site_name\" content=\"Hutchings Banjos\" \/>\n<meta property=\"article:modified_time\" content=\"2022-08-01T06:56:46+00:00\" \/>\n<meta name=\"twitter:card\" content=\"summary_large_image\" \/>\n<meta name=\"twitter:label1\" content=\"Dur\u00e9e de lecture estim\u00e9e\" \/>\n\t<meta name=\"twitter:data1\" content=\"3 minutes\" \/>\n<script type=\"application\/ld+json\" class=\"yoast-schema-graph\">{\"@context\":\"https:\\\/\\\/schema.org\",\"@graph\":[{\"@type\":\"WebPage\",\"@id\":\"https:\\\/\\\/hutchingsbanjos.com\\\/faq\\\/\",\"url\":\"https:\\\/\\\/hutchingsbanjos.com\\\/faq\\\/\",\"name\":\"FAQ - Hutchings Banjos\",\"isPartOf\":{\"@id\":\"https:\\\/\\\/hutchingsbanjos.com\\\/#website\"},\"datePublished\":\"2016-09-01T18:34:14+00:00\",\"dateModified\":\"2022-08-01T06:56:46+00:00\",\"breadcrumb\":{\"@id\":\"https:\\\/\\\/hutchingsbanjos.com\\\/faq\\\/#breadcrumb\"},\"inLanguage\":\"fr-FR\",\"potentialAction\":[{\"@type\":\"ReadAction\",\"target\":[\"https:\\\/\\\/hutchingsbanjos.com\\\/faq\\\/\"]}]},{\"@type\":\"BreadcrumbList\",\"@id\":\"https:\\\/\\\/hutchingsbanjos.com\\\/faq\\\/#breadcrumb\",\"itemListElement\":[{\"@type\":\"ListItem\",\"position\":1,\"name\":\"Home\",\"item\":\"https:\\\/\\\/hutchingsbanjos.com\\\/\"},{\"@type\":\"ListItem\",\"position\":2,\"name\":\"FAQ\"}]},{\"@type\":\"WebSite\",\"@id\":\"https:\\\/\\\/hutchingsbanjos.com\\\/#website\",\"url\":\"https:\\\/\\\/hutchingsbanjos.com\\\/\",\"name\":\"Hutchings Banjos\",\"description\":\"Authentic banjos from Brittany\",\"publisher\":{\"@id\":\"https:\\\/\\\/hutchingsbanjos.com\\\/#organization\"},\"potentialAction\":[{\"@type\":\"SearchAction\",\"target\":{\"@type\":\"EntryPoint\",\"urlTemplate\":\"https:\\\/\\\/hutchingsbanjos.com\\\/?s={search_term_string}\"},\"query-input\":{\"@type\":\"PropertyValueSpecification\",\"valueRequired\":true,\"valueName\":\"search_term_string\"}}],\"inLanguage\":\"fr-FR\"},{\"@type\":\"Organization\",\"@id\":\"https:\\\/\\\/hutchingsbanjos.com\\\/#organization\",\"name\":\"Hutchings Banjos\",\"url\":\"https:\\\/\\\/hutchingsbanjos.com\\\/\",\"logo\":{\"@type\":\"ImageObject\",\"inLanguage\":\"fr-FR\",\"@id\":\"https:\\\/\\\/hutchingsbanjos.com\\\/#\\\/schema\\\/logo\\\/image\\\/\",\"url\":\"https:\\\/\\\/hutchingsbanjos.com\\\/wp-content\\\/uploads\\\/2022\\\/04\\\/2022logo-1-1.png\",\"contentUrl\":\"https:\\\/\\\/hutchingsbanjos.com\\\/wp-content\\\/uploads\\\/2022\\\/04\\\/2022logo-1-1.png\",\"width\":240,\"height\":146,\"caption\":\"Hutchings Banjos\"},\"image\":{\"@id\":\"https:\\\/\\\/hutchingsbanjos.com\\\/#\\\/schema\\\/logo\\\/image\\\/\"}}]}<\/script>\n<!-- \/ Yoast SEO plugin. -->","yoast_head_json":{"title":"FAQ - Hutchings Banjos","robots":{"index":"index","follow":"follow","max-snippet":"max-snippet:-1","max-image-preview":"max-image-preview:large","max-video-preview":"max-video-preview:-1"},"canonical":"https:\/\/hutchingsbanjos.com\/fr\/faq\/","og_locale":"fr_FR","og_type":"article","og_title":"FAQ - Hutchings Banjos","og_description":"What makes a Hutchings\u00a0banjo\u00a0different ? The most important part of the banjo is the rim \u2013 you can have&nbsp;the most expensive tonering available but fitted to a poor rim the banjo will still be average at best. I build all my block rims myself, from solid walnut and take great care to make sure they [&hellip;]","og_url":"https:\/\/hutchingsbanjos.com\/fr\/faq\/","og_site_name":"Hutchings Banjos","article_modified_time":"2022-08-01T06:56:46+00:00","twitter_card":"summary_large_image","twitter_misc":{"Dur\u00e9e de lecture estim\u00e9e":"3 minutes"},"schema":{"@context":"https:\/\/schema.org","@graph":[{"@type":"WebPage","@id":"https:\/\/hutchingsbanjos.com\/faq\/","url":"https:\/\/hutchingsbanjos.com\/faq\/","name":"FAQ - Hutchings Banjos","isPartOf":{"@id":"https:\/\/hutchingsbanjos.com\/#website"},"datePublished":"2016-09-01T18:34:14+00:00","dateModified":"2022-08-01T06:56:46+00:00","breadcrumb":{"@id":"https:\/\/hutchingsbanjos.com\/faq\/#breadcrumb"},"inLanguage":"fr-FR","potentialAction":[{"@type":"ReadAction","target":["https:\/\/hutchingsbanjos.com\/faq\/"]}]},{"@type":"BreadcrumbList","@id":"https:\/\/hutchingsbanjos.com\/faq\/#breadcrumb","itemListElement":[{"@type":"ListItem","position":1,"name":"Home","item":"https:\/\/hutchingsbanjos.com\/"},{"@type":"ListItem","position":2,"name":"FAQ"}]},{"@type":"WebSite","@id":"https:\/\/hutchingsbanjos.com\/#website","url":"https:\/\/hutchingsbanjos.com\/","name":"Banjos Hutchings","description":"Banjos authentiques de Bretagne","publisher":{"@id":"https:\/\/hutchingsbanjos.com\/#organization"},"potentialAction":[{"@type":"SearchAction","target":{"@type":"EntryPoint","urlTemplate":"https:\/\/hutchingsbanjos.com\/?s={search_term_string}"},"query-input":{"@type":"PropertyValueSpecification","valueRequired":true,"valueName":"search_term_string"}}],"inLanguage":"fr-FR"},{"@type":"Organization","@id":"https:\/\/hutchingsbanjos.com\/#organization","name":"Banjos Hutchings","url":"https:\/\/hutchingsbanjos.com\/","logo":{"@type":"ImageObject","inLanguage":"fr-FR","@id":"https:\/\/hutchingsbanjos.com\/#\/schema\/logo\/image\/","url":"https:\/\/hutchingsbanjos.com\/wp-content\/uploads\/2022\/04\/2022logo-1-1.png","contentUrl":"https:\/\/hutchingsbanjos.com\/wp-content\/uploads\/2022\/04\/2022logo-1-1.png","width":240,"height":146,"caption":"Hutchings Banjos"},"image":{"@id":"https:\/\/hutchingsbanjos.com\/#\/schema\/logo\/image\/"}}]}},"jetpack_sharing_enabled":true,"_links":{"self":[{"href":"https:\/\/hutchingsbanjos.com\/fr\/wp-json\/wp\/v2\/pages\/62","targetHints":{"allow":["GET"]}}],"collection":[{"href":"https:\/\/hutchingsbanjos.com\/fr\/wp-json\/wp\/v2\/pages"}],"about":[{"href":"https:\/\/hutchingsbanjos.com\/fr\/wp-json\/wp\/v2\/types\/page"}],"author":[{"embeddable":true,"href":"https:\/\/hutchingsbanjos.com\/fr\/wp-json\/wp\/v2\/users\/1"}],"replies":[{"embeddable":true,"href":"https:\/\/hutchingsbanjos.com\/fr\/wp-json\/wp\/v2\/comments?post=62"}],"version-history":[{"count":32,"href":"https:\/\/hutchingsbanjos.com\/fr\/wp-json\/wp\/v2\/pages\/62\/revisions"}],"predecessor-version":[{"id":1915,"href":"https:\/\/hutchingsbanjos.com\/fr\/wp-json\/wp\/v2\/pages\/62\/revisions\/1915"}],"wp:attachment":[{"href":"https:\/\/hutchingsbanjos.com\/fr\/wp-json\/wp\/v2\/media?parent=62"}],"curies":[{"name":"wp","href":"https:\/\/api.w.org\/{rel}","templated":true}]}}