{"id":2,"date":"2016-03-31T12:20:03","date_gmt":"2016-03-31T12:20:03","guid":{"rendered":"http:\/\/hutchingsbanjos.com\/?page_id=2"},"modified":"2022-03-30T13:48:44","modified_gmt":"2022-03-30T13:48:44","slug":"welcome","status":"publish","type":"page","link":"https:\/\/hutchingsbanjos.com\/fr\/welcome\/","title":{"rendered":"Bio"},"content":{"rendered":"<p><div class=\"col-md-12 is_slider\" id=\"slider-snail-details\" data-json=\"{&quot;dots&quot;: true,&quot;infinite&quot;: true,&quot;speed&quot;: 3000, &quot;autoplay&quot;:true, &quot;autoplaySpeed&quot;: 2000, &quot;slidesToShow&quot;: 1}\">\n\t\t\t<div class=\"slick_slide\">\n\t\t    <a href=\"\">\n\t\t    \t<img decoding=\"async\" src=\"https:\/\/hutchingsbanjos.com\/wp-content\/uploads\/2019\/07\/10116-850x576.jpg\" class=\"img_slider\">\n\t\t    <\/a>\n\t\t<\/div>\n\t\t\t<div class=\"slick_slide\">\n\t\t    <a href=\"\">\n\t\t    \t<img decoding=\"async\" src=\"https:\/\/hutchingsbanjos.com\/wp-content\/uploads\/2019\/07\/10093-850x576.jpg\" class=\"img_slider\">\n\t\t    <\/a>\n\t\t<\/div>\n\t\t\t<div class=\"slick_slide\">\n\t\t    <a href=\"\">\n\t\t    \t<img decoding=\"async\" src=\"https:\/\/hutchingsbanjos.com\/wp-content\/uploads\/2019\/07\/10097-850x576.jpg\" class=\"img_slider\">\n\t\t    <\/a>\n\t\t<\/div>\n\t\t\t<div class=\"slick_slide\">\n\t\t    <a href=\"\">\n\t\t    \t<img decoding=\"async\" src=\"https:\/\/hutchingsbanjos.com\/wp-content\/uploads\/2019\/07\/10103-850x576.jpg\" class=\"img_slider\">\n\t\t    <\/a>\n\t\t<\/div>\n\t\t\t<div class=\"slick_slide\">\n\t\t    <a href=\"\">\n\t\t    \t<img decoding=\"async\" src=\"https:\/\/hutchingsbanjos.com\/wp-content\/uploads\/2019\/07\/10110-850x576.jpg\" class=\"img_slider\">\n\t\t    <\/a>\n\t\t<\/div>\n\t\t\t<div class=\"slick_slide\">\n\t\t    <a href=\"\">\n\t\t    \t<img decoding=\"async\" src=\"https:\/\/hutchingsbanjos.com\/wp-content\/uploads\/2019\/07\/10038-850x576.jpg\" class=\"img_slider\">\n\t\t    <\/a>\n\t\t<\/div>\n\t<\/div>\n<br \/>\nSam Hutchings is a luthier&nbsp;based in central Brittany in France.&nbsp; He has been building all kinds of stringed instruments for over 20 years and now specialises in banjo construction.&nbsp; He also runs <a href=\"http:\/\/www.justecordes.com\">Justecordes<\/a> with his wife Steph, a music store well known in France for their instruments and accessories for Old Time and Bluegrass music.<br \/>\nSes banjos sont tous bas\u00e9s autour de ses f\u00fbts de construction style \"bloc rim\"\u00a0, comprenant des mod\u00e8les \u00a05 cordes pour Old Time et Bluegrass, \u00a0des mod\u00e8les 4 cordes pur la musique irlandaise et le Jazz, de\u00a0Banjol\u00e9l\u00e9s et \u00a0d'instruments personnalis\u00e9s.<br \/>\nToutes les parties en bois des banjos sont fabriqu\u00e9es\u00a0\u00e0 la main par Sam, y compris les fameux tonering \u00a0bois. \u00a0Son expertise, mari\u00e9e \u00a0avec des pi\u00e8ces \u00a0et mat\u00e9riaux de haute qualit\u00e9, r\u00e9sulte en\u00a0un banjo tr\u00e8s sp\u00e9cial.<br \/>\nHutchings Banjos est bas\u00e9 chez Justecordes en centre Bretagne. Vous pouvez visitez nous sur rendez-vous, utilisez le formulaire pour me contacter ou de me retrouver sur Facebook&nbsp;<a href=\"http:\/\/www.justecordes.fr\/catalogue\/\">Justecordes<\/a>&nbsp;en centre -bretagne, France. Les visites se font sur RDV,&nbsp; <a href=\"https:\/\/www.justecordes.fr\/en\/contact-us\">Contactez moi <\/a>ou retrouvez moi sur <a href=\"https:\/\/www.facebook.com\/profile.php?id=100006274065951\">Facebook<\/a><br \/>\n<img loading=\"lazy\" decoding=\"async\" style=\"outline: #72777c solid 1px; height: 231px; text-align: left; color: #2b2b2b; text-transform: none; text-indent: 0px; letter-spacing: normal; font-family: Lato,sans-serif; font-size: 16px; font-style: normal; font-variant: normal; font-weight: 400; text-decoration: none; word-spacing: 0px; vertical-align: middle; white-space: normal; max-width: 474px; orphans: 2; -webkit-text-stroke-width: 0px; background-color: transparent;\" src=\"http:\/\/hutchingsbanjos.com\/wp-content\/uploads\/2017\/11\/workshop4-1024x678.jpg\" alt=\"\" width=\"348\" height=\"314\"><\/p>\n<div data-animation=\"no-animation\" data-icons-animation=\"no-animation\" data-overlay=\"\" data-change-size=\"\" data-button-size=\"1\" style=\"font-size:1em!important;display:none;\" class=\"supsystic-social-sharing supsystic-social-sharing-package-flat supsystic-social-sharing-content supsystic-social-sharing-content-align-left\" data-text=\"\"><a data-networks=\"[]\" class=\"social-sharing-button sharer-flat sharer-flat-1 counter-standard without-counter tumblr\" target=\"_blank\" title=\"Tumblr\" href=\"http:\/\/www.tumblr.com\/share\/link?url=https%3A%2F%2Fhutchingsbanjos.com%2Ffr%2Fwelcome%2F&name=About+me&description=%5Bbrasa_slider+id%3D%22861%22%5D+Sam+Hutchings+is+a+luthier%26nbsp%3Bbased+in+central+Brittany+in+France.%26nbsp%3B+He+has+been+building+all+kinds+of+stringed+instruments+for+over+20+years+and+now+specialises+in+banjo+construction.%26nbsp%3B+He+also+runs+Justecordes+with+his+wife+Steph%2C+a+music+store+well+known+in+France+for+their+instruments+and+accessories+for+Old+Time+and%E2%80%A6\" data-main-href=\"http:\/\/www.tumblr.com\/share\/link?url={url}&name={title}&description={description}\" data-nid=\"19\" data-name=\"\" data-pid=\"1\" data-post-id=\"2\" data-url=\"https:\/\/hutchingsbanjos.com\/wp-admin\/admin-ajax.php\" rel=\"nofollow\" data-mailto=\"\"><i class=\"fa-ssbs fa-ssbs-fw fa-ssbs-tumblr\"><\/i><div class=\"counter-wrap standard\"><span class=\"counter\">5<\/span><\/div><\/a><a data-networks=\"[]\" class=\"social-sharing-button sharer-flat sharer-flat-1 counter-standard without-counter googleplus\" target=\"_blank\" title=\"Google+\" href=\"https:\/\/plus.google.com\/share?url=https%3A%2F%2Fhutchingsbanjos.com%2Ffr%2Fwelcome%2F\" data-main-href=\"https:\/\/plus.google.com\/share?url={url}\" data-nid=\"3\" data-name=\"\" data-pid=\"1\" data-post-id=\"2\" data-url=\"https:\/\/hutchingsbanjos.com\/wp-admin\/admin-ajax.php\" rel=\"nofollow\" data-mailto=\"\"><i class=\"fa-ssbs fa-ssbs-fw fa-ssbs-google-plus\"><\/i><div class=\"counter-wrap standard\"><span class=\"counter\">4<\/span><\/div><\/a><a data-networks=\"[]\" class=\"social-sharing-button sharer-flat sharer-flat-1 counter-standard without-counter reddit\" target=\"_blank\" title=\"Reddit\" href=\"http:\/\/reddit.com\/submit?url=https%3A%2F%2Fhutchingsbanjos.com%2Ffr%2Fwelcome%2F&title=About+me\" data-main-href=\"http:\/\/reddit.com\/submit?url={url}&title={title}\" data-nid=\"6\" data-name=\"\" data-pid=\"1\" data-post-id=\"2\" data-url=\"https:\/\/hutchingsbanjos.com\/wp-admin\/admin-ajax.php\" rel=\"nofollow\" data-mailto=\"\"><i class=\"fa-ssbs fa-ssbs-fw fa-ssbs-reddit\"><\/i><div class=\"counter-wrap standard\"><span class=\"counter\">1<\/span><\/div><\/a><a data-networks=\"[]\" class=\"social-sharing-button sharer-flat sharer-flat-1 counter-standard without-counter facebook\" target=\"_blank\" title=\"Facebook\" href=\"http:\/\/www.facebook.com\/sharer.php?u=https%3A%2F%2Fhutchingsbanjos.com%2Ffr%2Fwelcome%2F\" data-main-href=\"http:\/\/www.facebook.com\/sharer.php?u={url}\" data-nid=\"1\" data-name=\"\" data-pid=\"1\" data-post-id=\"2\" data-url=\"https:\/\/hutchingsbanjos.com\/wp-admin\/admin-ajax.php\" rel=\"nofollow\" data-mailto=\"\"><i class=\"fa-ssbs fa-ssbs-fw fa-ssbs-facebook\"><\/i><div class=\"counter-wrap standard\"><span class=\"counter\">25<\/span><\/div><\/a><a data-networks=\"[]\" class=\"social-sharing-button sharer-flat sharer-flat-1 counter-standard without-counter stumbleupon\" target=\"_blank\" title=\"StumbleUpon\" href=\"http:\/\/www.stumbleupon.com\/submit?url=https%3A%2F%2Fhutchingsbanjos.com%2Ffr%2Fwelcome%2F&title=About+me\" data-main-href=\"http:\/\/www.stumbleupon.com\/submit?url={url}&title={title}\" data-nid=\"9\" data-name=\"\" data-pid=\"1\" data-post-id=\"2\" data-url=\"https:\/\/hutchingsbanjos.com\/wp-admin\/admin-ajax.php\" rel=\"nofollow\" data-mailto=\"\"><i class=\"fa-ssbs fa-ssbs-fw fa-ssbs-stumbleupon\"><\/i><div class=\"counter-wrap standard\"><span class=\"counter\">2<\/span><\/div><\/a><a data-networks=\"[]\" class=\"social-sharing-button sharer-flat sharer-flat-1 counter-standard without-counter twitter\" target=\"_blank\" title=\"Twitter\" href=\"https:\/\/twitter.com\/share?url=https%3A%2F%2Fhutchingsbanjos.com%2Ffr%2Fwelcome%2F&text=About+me\" data-main-href=\"https:\/\/twitter.com\/share?url={url}&text={title}\" data-nid=\"2\" data-name=\"\" data-pid=\"1\" data-post-id=\"2\" data-url=\"https:\/\/hutchingsbanjos.com\/wp-admin\/admin-ajax.php\" rel=\"nofollow\" data-mailto=\"\"><i class=\"fa-ssbs fa-ssbs-fw fa-ssbs-twitter\"><\/i><div class=\"counter-wrap standard\"><span class=\"counter\">3<\/span><\/div><\/a><a data-networks=\"[]\" class=\"social-sharing-button sharer-flat sharer-flat-1 counter-standard without-counter whatsapp\" target=\"_blank\" title=\"WhatsApp\" href=\"https:\/\/web.whatsapp.com\/send?text=https%3A%2F%2Fhutchingsbanjos.com%2Ffr%2Fwelcome%2F\" data-main-href=\"https:\/\/web.whatsapp.com\/send?text={url}\" data-nid=\"18\" data-name=\"\" data-pid=\"1\" data-post-id=\"2\" data-url=\"https:\/\/hutchingsbanjos.com\/wp-admin\/admin-ajax.php\" rel=\"nofollow\" data-mailto=\"\"><i class=\"fa-ssbs fa-ssbs-fw fa-ssbs-whatsapp\"><\/i><div class=\"counter-wrap standard\"><span class=\"counter\">8<\/span><\/div><\/a><a data-networks=\"[]\" class=\"social-sharing-button sharer-flat sharer-flat-1 counter-standard without-counter pinterest\" target=\"_blank\" title=\"Pinterest\" href=\"http:\/\/pinterest.com\/pin\/create\/link\/?url=https%3A%2F%2Fhutchingsbanjos.com%2Ffr%2Fwelcome%2F&description=About+me\" data-main-href=\"http:\/\/pinterest.com\/pin\/create\/link\/?url={url}&description={title}\" data-nid=\"7\" data-name=\"\" data-pid=\"1\" data-post-id=\"2\" data-url=\"https:\/\/hutchingsbanjos.com\/wp-admin\/admin-ajax.php\" rel=\"nofollow\" data-mailto=\"\"><i class=\"fa-ssbs fa-ssbs-fw fa-ssbs-pinterest\"><\/i><div class=\"counter-wrap standard\"><span class=\"counter\">4<\/span><\/div><\/a><\/div>","protected":false},"excerpt":{"rendered":"<p>Sam Hutchings is a luthier&nbsp;based in central Brittany in France.&nbsp; He has been building all kinds of stringed instruments for over 20 years and now specialises in banjo construction.&nbsp; He also runs Justecordes with his wife Steph, a music store well known in France for their instruments and accessories for Old Time and Bluegrass music. [&hellip;]<\/p>\n<div data-animation=\"no-animation\" data-icons-animation=\"no-animation\" data-overlay=\"\" data-change-size=\"\" data-button-size=\"1\" style=\"font-size:1em!important;display:none;\" class=\"supsystic-social-sharing supsystic-social-sharing-package-flat supsystic-social-sharing-content supsystic-social-sharing-content-align-left\" data-text=\"\"><a data-networks=\"[]\" class=\"social-sharing-button sharer-flat sharer-flat-1 counter-standard without-counter tumblr\" target=\"_blank\" title=\"Tumblr\" href=\"http:\/\/www.tumblr.com\/share\/link?url=https%3A%2F%2Fhutchingsbanjos.com%2Ffr%2Fwelcome%2F&name=About+me&description=%5Bbrasa_slider+id%3D%22861%22%5D+Sam+Hutchings+is+a+luthier%26nbsp%3Bbased+in+central+Brittany+in+France.%26nbsp%3B+He+has+been+building+all+kinds+of+stringed+instruments+for+over+20+years+and+now+specialises+in+banjo+construction.%26nbsp%3B+He+also+runs+Justecordes+with+his+wife+Steph%2C+a+music+store+well+known+in+France+for+their+instruments+and+accessories+for+Old+Time+and%E2%80%A6\" data-main-href=\"http:\/\/www.tumblr.com\/share\/link?url={url}&name={title}&description={description}\" data-nid=\"19\" data-name=\"\" data-pid=\"1\" data-post-id=\"2\" data-url=\"https:\/\/hutchingsbanjos.com\/wp-admin\/admin-ajax.php\" rel=\"nofollow\" data-mailto=\"\"><i class=\"fa-ssbs fa-ssbs-fw fa-ssbs-tumblr\"><\/i><div class=\"counter-wrap standard\"><span class=\"counter\">5<\/span><\/div><\/a><a data-networks=\"[]\" class=\"social-sharing-button sharer-flat sharer-flat-1 counter-standard without-counter googleplus\" target=\"_blank\" title=\"Google+\" href=\"https:\/\/plus.google.com\/share?url=https%3A%2F%2Fhutchingsbanjos.com%2Ffr%2Fwelcome%2F\" data-main-href=\"https:\/\/plus.google.com\/share?url={url}\" data-nid=\"3\" data-name=\"\" data-pid=\"1\" data-post-id=\"2\" data-url=\"https:\/\/hutchingsbanjos.com\/wp-admin\/admin-ajax.php\" rel=\"nofollow\" data-mailto=\"\"><i class=\"fa-ssbs fa-ssbs-fw fa-ssbs-google-plus\"><\/i><div class=\"counter-wrap standard\"><span class=\"counter\">4<\/span><\/div><\/a><a data-networks=\"[]\" class=\"social-sharing-button sharer-flat sharer-flat-1 counter-standard without-counter reddit\" target=\"_blank\" title=\"Reddit\" href=\"http:\/\/reddit.com\/submit?url=https%3A%2F%2Fhutchingsbanjos.com%2Ffr%2Fwelcome%2F&title=About+me\" data-main-href=\"http:\/\/reddit.com\/submit?url={url}&title={title}\" data-nid=\"6\" data-name=\"\" data-pid=\"1\" data-post-id=\"2\" data-url=\"https:\/\/hutchingsbanjos.com\/wp-admin\/admin-ajax.php\" rel=\"nofollow\" data-mailto=\"\"><i class=\"fa-ssbs fa-ssbs-fw fa-ssbs-reddit\"><\/i><div class=\"counter-wrap standard\"><span class=\"counter\">1<\/span><\/div><\/a><a data-networks=\"[]\" class=\"social-sharing-button sharer-flat sharer-flat-1 counter-standard without-counter facebook\" target=\"_blank\" title=\"Facebook\" href=\"http:\/\/www.facebook.com\/sharer.php?u=https%3A%2F%2Fhutchingsbanjos.com%2Ffr%2Fwelcome%2F\" data-main-href=\"http:\/\/www.facebook.com\/sharer.php?u={url}\" data-nid=\"1\" data-name=\"\" data-pid=\"1\" data-post-id=\"2\" data-url=\"https:\/\/hutchingsbanjos.com\/wp-admin\/admin-ajax.php\" rel=\"nofollow\" data-mailto=\"\"><i class=\"fa-ssbs fa-ssbs-fw fa-ssbs-facebook\"><\/i><div class=\"counter-wrap standard\"><span class=\"counter\">25<\/span><\/div><\/a><a data-networks=\"[]\" class=\"social-sharing-button sharer-flat sharer-flat-1 counter-standard without-counter stumbleupon\" target=\"_blank\" title=\"StumbleUpon\" href=\"http:\/\/www.stumbleupon.com\/submit?url=https%3A%2F%2Fhutchingsbanjos.com%2Ffr%2Fwelcome%2F&title=About+me\" data-main-href=\"http:\/\/www.stumbleupon.com\/submit?url={url}&title={title}\" data-nid=\"9\" data-name=\"\" data-pid=\"1\" data-post-id=\"2\" data-url=\"https:\/\/hutchingsbanjos.com\/wp-admin\/admin-ajax.php\" rel=\"nofollow\" data-mailto=\"\"><i class=\"fa-ssbs fa-ssbs-fw fa-ssbs-stumbleupon\"><\/i><div class=\"counter-wrap standard\"><span class=\"counter\">2<\/span><\/div><\/a><a data-networks=\"[]\" class=\"social-sharing-button sharer-flat sharer-flat-1 counter-standard without-counter twitter\" target=\"_blank\" title=\"Twitter\" href=\"https:\/\/twitter.com\/share?url=https%3A%2F%2Fhutchingsbanjos.com%2Ffr%2Fwelcome%2F&text=About+me\" data-main-href=\"https:\/\/twitter.com\/share?url={url}&text={title}\" data-nid=\"2\" data-name=\"\" data-pid=\"1\" data-post-id=\"2\" data-url=\"https:\/\/hutchingsbanjos.com\/wp-admin\/admin-ajax.php\" rel=\"nofollow\" data-mailto=\"\"><i class=\"fa-ssbs fa-ssbs-fw fa-ssbs-twitter\"><\/i><div class=\"counter-wrap standard\"><span class=\"counter\">3<\/span><\/div><\/a><a data-networks=\"[]\" class=\"social-sharing-button sharer-flat sharer-flat-1 counter-standard without-counter whatsapp\" target=\"_blank\" title=\"WhatsApp\" href=\"https:\/\/web.whatsapp.com\/send?text=https%3A%2F%2Fhutchingsbanjos.com%2Ffr%2Fwelcome%2F\" data-main-href=\"https:\/\/web.whatsapp.com\/send?text={url}\" data-nid=\"18\" data-name=\"\" data-pid=\"1\" data-post-id=\"2\" data-url=\"https:\/\/hutchingsbanjos.com\/wp-admin\/admin-ajax.php\" rel=\"nofollow\" data-mailto=\"\"><i class=\"fa-ssbs fa-ssbs-fw fa-ssbs-whatsapp\"><\/i><div class=\"counter-wrap standard\"><span class=\"counter\">8<\/span><\/div><\/a><a data-networks=\"[]\" class=\"social-sharing-button sharer-flat sharer-flat-1 counter-standard without-counter pinterest\" target=\"_blank\" title=\"Pinterest\" href=\"http:\/\/pinterest.com\/pin\/create\/link\/?url=https%3A%2F%2Fhutchingsbanjos.com%2Ffr%2Fwelcome%2F&description=About+me\" data-main-href=\"http:\/\/pinterest.com\/pin\/create\/link\/?url={url}&description={title}\" data-nid=\"7\" data-name=\"\" data-pid=\"1\" data-post-id=\"2\" data-url=\"https:\/\/hutchingsbanjos.com\/wp-admin\/admin-ajax.php\" rel=\"nofollow\" data-mailto=\"\"><i class=\"fa-ssbs fa-ssbs-fw fa-ssbs-pinterest\"><\/i><div class=\"counter-wrap standard\"><span class=\"counter\">4<\/span><\/div><\/a><\/div>","protected":false},"author":1,"featured_media":0,"parent":0,"menu_order":0,"comment_status":"closed","ping_status":"closed","template":"","meta":{"_vp_format_video_url":"","_vp_image_focal_point":[],"footnotes":""},"class_list":["post-2","page","type-page","status-publish","hentry"],"yoast_head":"<!-- This site is optimized with the Yoast SEO plugin v27.4 - https:\/\/yoast.com\/product\/yoast-seo-wordpress\/ -->\n<title>About me - Hutchings Banjos<\/title>\n<meta name=\"robots\" content=\"index, follow, max-snippet:-1, max-image-preview:large, max-video-preview:-1\" \/>\n<link rel=\"canonical\" href=\"https:\/\/hutchingsbanjos.com\/fr\/welcome\/\" \/>\n<meta property=\"og:locale\" content=\"fr_FR\" \/>\n<meta property=\"og:type\" content=\"article\" \/>\n<meta property=\"og:title\" content=\"About me - Hutchings Banjos\" \/>\n<meta property=\"og:description\" content=\"Sam Hutchings is a luthier&nbsp;based in central Brittany in France.&nbsp; He has been building all kinds of stringed instruments for over 20 years and now specialises in banjo construction.&nbsp; He also runs Justecordes with his wife Steph, a music store well known in France for their instruments and accessories for Old Time and Bluegrass music. [&hellip;]\" \/>\n<meta property=\"og:url\" content=\"https:\/\/hutchingsbanjos.com\/fr\/welcome\/\" \/>\n<meta property=\"og:site_name\" content=\"Hutchings Banjos\" \/>\n<meta property=\"article:modified_time\" content=\"2022-03-30T13:48:44+00:00\" \/>\n<meta property=\"og:image\" content=\"http:\/\/hutchingsbanjos.com\/wp-content\/uploads\/2017\/11\/workshop4-1024x678.jpg\" \/>\n<meta name=\"twitter:card\" content=\"summary_large_image\" \/>\n<meta name=\"twitter:label1\" content=\"Dur\u00e9e de lecture estim\u00e9e\" \/>\n\t<meta name=\"twitter:data1\" content=\"1 minute\" \/>\n<script type=\"application\/ld+json\" class=\"yoast-schema-graph\">{\"@context\":\"https:\\\/\\\/schema.org\",\"@graph\":[{\"@type\":\"WebPage\",\"@id\":\"https:\\\/\\\/hutchingsbanjos.com\\\/welcome\\\/\",\"url\":\"https:\\\/\\\/hutchingsbanjos.com\\\/welcome\\\/\",\"name\":\"About me - Hutchings Banjos\",\"isPartOf\":{\"@id\":\"https:\\\/\\\/hutchingsbanjos.com\\\/#website\"},\"primaryImageOfPage\":{\"@id\":\"https:\\\/\\\/hutchingsbanjos.com\\\/welcome\\\/#primaryimage\"},\"image\":{\"@id\":\"https:\\\/\\\/hutchingsbanjos.com\\\/welcome\\\/#primaryimage\"},\"thumbnailUrl\":\"http:\\\/\\\/hutchingsbanjos.com\\\/wp-content\\\/uploads\\\/2017\\\/11\\\/workshop4-1024x678.jpg\",\"datePublished\":\"2016-03-31T12:20:03+00:00\",\"dateModified\":\"2022-03-30T13:48:44+00:00\",\"breadcrumb\":{\"@id\":\"https:\\\/\\\/hutchingsbanjos.com\\\/welcome\\\/#breadcrumb\"},\"inLanguage\":\"fr-FR\",\"potentialAction\":[{\"@type\":\"ReadAction\",\"target\":[\"https:\\\/\\\/hutchingsbanjos.com\\\/welcome\\\/\"]}]},{\"@type\":\"ImageObject\",\"inLanguage\":\"fr-FR\",\"@id\":\"https:\\\/\\\/hutchingsbanjos.com\\\/welcome\\\/#primaryimage\",\"url\":\"http:\\\/\\\/hutchingsbanjos.com\\\/wp-content\\\/uploads\\\/2017\\\/11\\\/workshop4-1024x678.jpg\",\"contentUrl\":\"http:\\\/\\\/hutchingsbanjos.com\\\/wp-content\\\/uploads\\\/2017\\\/11\\\/workshop4-1024x678.jpg\"},{\"@type\":\"BreadcrumbList\",\"@id\":\"https:\\\/\\\/hutchingsbanjos.com\\\/welcome\\\/#breadcrumb\",\"itemListElement\":[{\"@type\":\"ListItem\",\"position\":1,\"name\":\"Home\",\"item\":\"https:\\\/\\\/hutchingsbanjos.com\\\/\"},{\"@type\":\"ListItem\",\"position\":2,\"name\":\"About me\"}]},{\"@type\":\"WebSite\",\"@id\":\"https:\\\/\\\/hutchingsbanjos.com\\\/#website\",\"url\":\"https:\\\/\\\/hutchingsbanjos.com\\\/\",\"name\":\"Hutchings Banjos\",\"description\":\"Authentic banjos from Brittany\",\"publisher\":{\"@id\":\"https:\\\/\\\/hutchingsbanjos.com\\\/#organization\"},\"potentialAction\":[{\"@type\":\"SearchAction\",\"target\":{\"@type\":\"EntryPoint\",\"urlTemplate\":\"https:\\\/\\\/hutchingsbanjos.com\\\/?s={search_term_string}\"},\"query-input\":{\"@type\":\"PropertyValueSpecification\",\"valueRequired\":true,\"valueName\":\"search_term_string\"}}],\"inLanguage\":\"fr-FR\"},{\"@type\":\"Organization\",\"@id\":\"https:\\\/\\\/hutchingsbanjos.com\\\/#organization\",\"name\":\"Hutchings Banjos\",\"url\":\"https:\\\/\\\/hutchingsbanjos.com\\\/\",\"logo\":{\"@type\":\"ImageObject\",\"inLanguage\":\"fr-FR\",\"@id\":\"https:\\\/\\\/hutchingsbanjos.com\\\/#\\\/schema\\\/logo\\\/image\\\/\",\"url\":\"https:\\\/\\\/hutchingsbanjos.com\\\/wp-content\\\/uploads\\\/2022\\\/04\\\/2022logo-1-1.png\",\"contentUrl\":\"https:\\\/\\\/hutchingsbanjos.com\\\/wp-content\\\/uploads\\\/2022\\\/04\\\/2022logo-1-1.png\",\"width\":240,\"height\":146,\"caption\":\"Hutchings Banjos\"},\"image\":{\"@id\":\"https:\\\/\\\/hutchingsbanjos.com\\\/#\\\/schema\\\/logo\\\/image\\\/\"}}]}<\/script>\n<!-- \/ Yoast SEO plugin. -->","yoast_head_json":{"title":"About me - Hutchings Banjos","robots":{"index":"index","follow":"follow","max-snippet":"max-snippet:-1","max-image-preview":"max-image-preview:large","max-video-preview":"max-video-preview:-1"},"canonical":"https:\/\/hutchingsbanjos.com\/fr\/welcome\/","og_locale":"fr_FR","og_type":"article","og_title":"About me - Hutchings Banjos","og_description":"Sam Hutchings is a luthier&nbsp;based in central Brittany in France.&nbsp; He has been building all kinds of stringed instruments for over 20 years and now specialises in banjo construction.&nbsp; He also runs Justecordes with his wife Steph, a music store well known in France for their instruments and accessories for Old Time and Bluegrass music. [&hellip;]","og_url":"https:\/\/hutchingsbanjos.com\/fr\/welcome\/","og_site_name":"Hutchings Banjos","article_modified_time":"2022-03-30T13:48:44+00:00","og_image":[{"url":"http:\/\/hutchingsbanjos.com\/wp-content\/uploads\/2017\/11\/workshop4-1024x678.jpg","type":"","width":"","height":""}],"twitter_card":"summary_large_image","twitter_misc":{"Dur\u00e9e de lecture estim\u00e9e":"1 minute"},"schema":{"@context":"https:\/\/schema.org","@graph":[{"@type":"WebPage","@id":"https:\/\/hutchingsbanjos.com\/welcome\/","url":"https:\/\/hutchingsbanjos.com\/welcome\/","name":"About me - Hutchings Banjos","isPartOf":{"@id":"https:\/\/hutchingsbanjos.com\/#website"},"primaryImageOfPage":{"@id":"https:\/\/hutchingsbanjos.com\/welcome\/#primaryimage"},"image":{"@id":"https:\/\/hutchingsbanjos.com\/welcome\/#primaryimage"},"thumbnailUrl":"http:\/\/hutchingsbanjos.com\/wp-content\/uploads\/2017\/11\/workshop4-1024x678.jpg","datePublished":"2016-03-31T12:20:03+00:00","dateModified":"2022-03-30T13:48:44+00:00","breadcrumb":{"@id":"https:\/\/hutchingsbanjos.com\/welcome\/#breadcrumb"},"inLanguage":"fr-FR","potentialAction":[{"@type":"ReadAction","target":["https:\/\/hutchingsbanjos.com\/welcome\/"]}]},{"@type":"ImageObject","inLanguage":"fr-FR","@id":"https:\/\/hutchingsbanjos.com\/welcome\/#primaryimage","url":"http:\/\/hutchingsbanjos.com\/wp-content\/uploads\/2017\/11\/workshop4-1024x678.jpg","contentUrl":"http:\/\/hutchingsbanjos.com\/wp-content\/uploads\/2017\/11\/workshop4-1024x678.jpg"},{"@type":"BreadcrumbList","@id":"https:\/\/hutchingsbanjos.com\/welcome\/#breadcrumb","itemListElement":[{"@type":"ListItem","position":1,"name":"Home","item":"https:\/\/hutchingsbanjos.com\/"},{"@type":"ListItem","position":2,"name":"About me"}]},{"@type":"WebSite","@id":"https:\/\/hutchingsbanjos.com\/#website","url":"https:\/\/hutchingsbanjos.com\/","name":"Banjos Hutchings","description":"Banjos authentiques de Bretagne","publisher":{"@id":"https:\/\/hutchingsbanjos.com\/#organization"},"potentialAction":[{"@type":"SearchAction","target":{"@type":"EntryPoint","urlTemplate":"https:\/\/hutchingsbanjos.com\/?s={search_term_string}"},"query-input":{"@type":"PropertyValueSpecification","valueRequired":true,"valueName":"search_term_string"}}],"inLanguage":"fr-FR"},{"@type":"Organization","@id":"https:\/\/hutchingsbanjos.com\/#organization","name":"Banjos Hutchings","url":"https:\/\/hutchingsbanjos.com\/","logo":{"@type":"ImageObject","inLanguage":"fr-FR","@id":"https:\/\/hutchingsbanjos.com\/#\/schema\/logo\/image\/","url":"https:\/\/hutchingsbanjos.com\/wp-content\/uploads\/2022\/04\/2022logo-1-1.png","contentUrl":"https:\/\/hutchingsbanjos.com\/wp-content\/uploads\/2022\/04\/2022logo-1-1.png","width":240,"height":146,"caption":"Hutchings Banjos"},"image":{"@id":"https:\/\/hutchingsbanjos.com\/#\/schema\/logo\/image\/"}}]}},"jetpack_sharing_enabled":true,"_links":{"self":[{"href":"https:\/\/hutchingsbanjos.com\/fr\/wp-json\/wp\/v2\/pages\/2","targetHints":{"allow":["GET"]}}],"collection":[{"href":"https:\/\/hutchingsbanjos.com\/fr\/wp-json\/wp\/v2\/pages"}],"about":[{"href":"https:\/\/hutchingsbanjos.com\/fr\/wp-json\/wp\/v2\/types\/page"}],"author":[{"embeddable":true,"href":"https:\/\/hutchingsbanjos.com\/fr\/wp-json\/wp\/v2\/users\/1"}],"replies":[{"embeddable":true,"href":"https:\/\/hutchingsbanjos.com\/fr\/wp-json\/wp\/v2\/comments?post=2"}],"version-history":[{"count":29,"href":"https:\/\/hutchingsbanjos.com\/fr\/wp-json\/wp\/v2\/pages\/2\/revisions"}],"predecessor-version":[{"id":1712,"href":"https:\/\/hutchingsbanjos.com\/fr\/wp-json\/wp\/v2\/pages\/2\/revisions\/1712"}],"wp:attachment":[{"href":"https:\/\/hutchingsbanjos.com\/fr\/wp-json\/wp\/v2\/media?parent=2"}],"curies":[{"name":"wp","href":"https:\/\/api.w.org\/{rel}","templated":true}]}}